{"id":8584,"date":"2025-10-12T23:06:59","date_gmt":"2025-10-12T23:06:59","guid":{"rendered":"https:\/\/krogger-transporte-demo.itbreakers.com\/?page_id=8584"},"modified":"2025-10-12T23:27:23","modified_gmt":"2025-10-12T23:27:23","slug":"agb","status":"publish","type":"page","link":"https:\/\/krogger-transporte.at\/?page_id=8584","title":{"rendered":"AGB"},"content":{"rendered":"\t\t<div data-elementor-type=\"wp-page\" data-elementor-id=\"8584\" class=\"elementor elementor-8584\">\n\t\t\t\t<div class=\"elementor-element elementor-element-7d7e851 e-flex e-con-boxed e-con e-parent\" data-id=\"7d7e851\" data-element_type=\"container\">\n\t\t\t\t\t<div class=\"e-con-inner\">\n\t\t\t\t<div class=\"elementor-element elementor-element-c5f6ab8 elementor-widget elementor-widget-text-editor\" data-id=\"c5f6ab8\" data-element_type=\"widget\" data-widget_type=\"text-editor.default\">\n\t\t\t\t\t\t\t\t\t<div class=\"elementor-element elementor-element-363afc8c e-con-full e-flex e-con e-child\" data-id=\"363afc8c\" data-element_type=\"container\">\n    <div class=\"elementor-element elementor-element-35de86d2 elementor-widget elementor-widget-heading\" data-id=\"35de86d2\" data-element_type=\"widget\" data-widget_type=\"heading.default\">\n        <h2 class=\"elementor-heading-title elementor-size-default\">AGB<\/h2>\n    <\/div>\n    <div class=\"elementor-element elementor-element-14c08383 elementor-widget elementor-widget-text-editor\" data-id=\"14c08383\" data-element_type=\"widget\" data-widget_type=\"text-editor.default\">\n        <div align=\"center\">\n            <p style=\"text-align: left;\">Allgemeine Gesch\u00e4ftsbedingungen der Krogger Transport und Logistik GmbH<\/p>\n        <\/div>\n    <\/div>\n    <div class=\"elementor-element elementor-element-99eb0b1 elementor-icon-list--layout-traditional elementor-list-item-link-full_width elementor-widget elementor-widget-icon-list\" data-id=\"99eb0b1\" data-element_type=\"widget\" data-widget_type=\"icon-list.default\">\n        <ul class=\"elementor-icon-list-items\" style=\"list-style-type: none; padding-left: 0;\">\n            <!-- Link 1 -->\n            <li class=\"elementor-icon-list-item\" style=\"display: flex; align-items: center; padding: 8px 0;\">\n                <a href=\"http:\/\/44s.a3c.mywebsitetransfer.com\/wp-content\/uploads\/2023\/08\/Auftraggeber-AGB-Krogger-Transport-und-Logistik-GmbH.pdf\" target=\"_blank\" style=\"display: flex; align-items: center; text-decoration: none; color: inherit;\">\n                    <span class=\"elementor-icon-list-icon\" style=\"font-size: 1em; margin-right: 10px; transition: color 0.3s;\">\n                        <svg aria-hidden=\"true\" class=\"e-font-icon-svg e-far-file-pdf\" viewBox=\"0 0 384 512\" xmlns=\"http:\/\/www.w3.org\/2000\/svg\" style=\"width: 1em; height: 1em;\">\n                            <path d=\"M369.9 97.9L286 14C277 5 264.8-.1 252.1-.1H48C21.5 0 0 21.5 0 48v416c0 26.5 21.5 48 48 48h288c26.5 0 48-21.5 48-48V131.9c0-12.7-5.1-25-14.1-34zM332.1 128H256V51.9l76.1 76.1zM48 464V48h160v104c0 13.3 10.7 24 24 24h104v288H48zm250.2-143.7c-12.2-12-47-8.7-64.4-6.5-17.2-10.5-28.7-25-36.8-46.3 3.9-16.1 10.1-40.6 5.4-56-4.2-26.2-37.8-23.6-42.6-5.9-4.4 16.1-.4 38.5 7 67.1-10 23.9-24.9 56-35.4 74.4-20 10.3-47 26.2-51 46.2-3.3 15.8 26 55.2 76.1-31.2 22.4-7.4 46.8-16.5 68.4-20.1 18.9 10.2 41 17 55.8 17 25.5 0 28-28.2 17.5-38.7zm-198.1 77.8c5.1-13.7 24.5-29.5 30.4-35-19 30.3-30.4 35.7-30.4 35zm81.6-190.6c7.4 0 6.7 32.1 1.8 40.8-4.4-13.9-4.3-40.8-1.8-40.8zm-24.4 136.6c9.7-16.9 18-37 24.7-54.7 8.3 15.1 18.9 27.2 30.1 35.5-20.8 4.3-38.9 13.1-54.8 19.2zm131.6-5s-5 6-37.3-7.8c35.1-2.6 40.9 5.4 37.3 7.8z\"><\/path>\n                        <\/svg>\n                    <\/span>\n                    <span class=\"elementor-icon-list-text\">Allgemeine Gesch\u00e4ftsbedingungen als Auftragnehmer<\/span>\n                <\/a>\n            <\/li>\n            <!-- Link 2 -->\n            <li class=\"elementor-icon-list-item\" style=\"display: flex; align-items: center; padding: 8px 0;\">\n                <a href=\"http:\/\/44s.a3c.mywebsitetransfer.com\/wp-content\/uploads\/2023\/08\/Auftraggeber-AGB-Krogger-Transport-und-Logistik-GmbH.pdf\" target=\"_blank\" style=\"display: flex; align-items: center; text-decoration: none; color: inherit;\">\n                    <span class=\"elementor-icon-list-icon\" style=\"font-size: 1em; margin-right: 10px; transition: color 0.3s;\">\n                        <svg aria-hidden=\"true\" class=\"e-font-icon-svg e-far-file-pdf\" viewBox=\"0 0 384 512\" xmlns=\"http:\/\/www.w3.org\/2000\/svg\" style=\"width: 1em; height: 1em;\">\n                            <path d=\"M369.9 97.9L286 14C277 5 264.8-.1 252.1-.1H48C21.5 0 0 21.5 0 48v416c0 26.5 21.5 48 48 48h288c26.5 0 48-21.5 48-48V131.9c0-12.7-5.1-25-14.1-34zM332.1 128H256V51.9l76.1 76.1zM48 464V48h160v104c0 13.3 10.7 24 24 24h104v288H48zm250.2-143.7c-12.2-12-47-8.7-64.4-6.5-17.2-10.5-28.7-25-36.8-46.3 3.9-16.1 10.1-40.6 5.4-56-4.2-26.2-37.8-23.6-42.6-5.9-4.4 16.1-.4 38.5 7 67.1-10 23.9-24.9 56-35.4 74.4-20 10.3-47 26.2-51 46.2-3.3 15.8 26 55.2 76.1-31.2 22.4-7.4 46.8-16.5 68.4-20.1 18.9 10.2 41 17 55.8 17 25.5 0 28-28.2 17.5-38.7zm-198.1 77.8c5.1-13.7 24.5-29.5 30.4-35-19 30.3-30.4 35.7-30.4 35zm81.6-190.6c7.4 0 6.7 32.1 1.8 40.8-4.4-13.9-4.3-40.8-1.8-40.8zm-24.4 136.6c9.7-16.9 18-37 24.7-54.7 8.3 15.1 18.9 27.2 30.1 35.5-20.8 4.3-38.9 13.1-54.8 19.2zm131.6-5s-5 6-37.3-7.8c35.1-2.6 40.9 5.4 37.3 7.8z\"><\/path>\n                        <\/svg>\n                    <\/span>\n                    <span class=\"elementor-icon-list-text\">Allgemeine Gesch\u00e4ftsbedingungen zum Transportauftrag (\u201eAuftraggeber-AGB\u201c)<\/span>\n                <\/a>\n            <\/li>\n            <!-- Link 3 -->\n            <li class=\"elementor-icon-list-item\" style=\"display: flex; align-items: center; padding: 8px 0;\">\n                <a href=\"http:\/\/44s.a3c.mywebsitetransfer.com\/wp-content\/uploads\/2023\/08\/E-Mail-Signatur.pdf\" target=\"_blank\" style=\"display: flex; align-items: center; text-decoration: none; color: inherit;\">\n                    <span class=\"elementor-icon-list-icon\" style=\"font-size: 1em; margin-right: 10px; transition: color 0.3s;\">\n                        <svg aria-hidden=\"true\" class=\"e-font-icon-svg e-far-file-pdf\" viewBox=\"0 0 384 512\" xmlns=\"http:\/\/www.w3.org\/2000\/svg\" style=\"width: 1em; height: 1em;\">\n                            <path d=\"M369.9 97.9L286 14C277 5 264.8-.1 252.1-.1H48C21.5 0 0 21.5 0 48v416c0 26.5 21.5 48 48 48h288c26.5 0 48-21.5 48-48V131.9c0-12.7-5.1-25-14.1-34zM332.1 128H256V51.9l76.1 76.1zM48 464V48h160v104c0 13.3 10.7 24 24 24h104v288H48zm250.2-143.7c-12.2-12-47-8.7-64.4-6.5-17.2-10.5-28.7-25-36.8-46.3 3.9-16.1 10.1-40.6 5.4-56-4.2-26.2-37.8-23.6-42.6-5.9-4.4 16.1-.4 38.5 7 67.1-10 23.9-24.9 56-35.4 74.4-20 10.3-47 26.2-51 46.2-3.3 15.8 26 55.2 76.1-31.2 22.4-7.4 46.8-16.5 68.4-20.1 18.9 10.2 41 17 55.8 17 25.5 0 28-28.2 17.5-38.7zm-198.1 77.8c5.1-13.7 24.5-29.5 30.4-35-19 30.3-30.4 35.7-30.4 35zm81.6-190.6c7.4 0 6.7 32.1 1.8 40.8-4.4-13.9-4.3-40.8-1.8-40.8zm-24.4 136.6c9.7-16.9 18-37 24.7-54.7 8.3 15.1 18.9 27.2 30.1 35.5-20.8 4.3-38.9 13.1-54.8 19.2zm131.6-5s-5 6-37.3-7.8c35.1-2.6 40.9 5.4 37.3 7.8z\"><\/path>\n                        <\/svg>\n                    <\/span>\n                    <span class=\"elementor-icon-list-text\">E-Mail Signatur f\u00fcr Auftragnehmer \/ Auftraggeber<\/span>\n                <\/a>\n            <\/li>\n            <!-- Link 4 -->\n            <li class=\"elementor-icon-list-item\" style=\"display: flex; align-items: center; padding: 8px 0;\">\n                <a href=\"http:\/\/44s.a3c.mywebsitetransfer.com\/wp-content\/uploads\/2023\/08\/Frachtrahmenvertrag.pdf\" target=\"_blank\" style=\"display: flex; align-items: center; text-decoration: none; color: inherit;\">\n                    <span class=\"elementor-icon-list-icon\" style=\"font-size: 1em; margin-right: 10px; transition: color 0.3s;\">\n                        <svg aria-hidden=\"true\" class=\"e-font-icon-svg e-far-file-pdf\" viewBox=\"0 0 384 512\" xmlns=\"http:\/\/www.w3.org\/2000\/svg\" style=\"width: 1em; height: 1em;\">\n                            <path d=\"M369.9 97.9L286 14C277 5 264.8-.1 252.1-.1H48C21.5 0 0 21.5 0 48v416c0 26.5 21.5 48 48 48h288c26.5 0 48-21.5 48-48V131.9c0-12.7-5.1-25-14.1-34zM332.1 128H256V51.9l76.1 76.1zM48 464V48h160v104c0 13.3 10.7 24 24 24h104v288H48zm250.2-143.7c-12.2-12-47-8.7-64.4-6.5-17.2-10.5-28.7-25-36.8-46.3 3.9-16.1 10.1-40.6 5.4-56-4.2-26.2-37.8-23.6-42.6-5.9-4.4 16.1-.4 38.5 7 67.1-10 23.9-24.9 56-35.4 74.4-20 10.3-47 26.2-51 46.2-3.3 15.8 26 55.2 76.1-31.2 22.4-7.4 46.8-16.5 68.4-20.1 18.9 10.2 41 17 55.8 17 25.5 0 28-28.2 17.5-38.7zm-198.1 77.8c5.1-13.7 24.5-29.5 30.4-35-19 30.3-30.4 35.7-30.4 35zm81.6-190.6c7.4 0 6.7 32.1 1.8 40.8-4.4-13.9-4.3-40.8-1.8-40.8zm-24.4 136.6c9.7-16.9 18-37 24.7-54.7 8.3 15.1 18.9 27.2 30.1 35.5-20.8 4.3-38.9 13.1-54.8 19.2zm131.6-5s-5 6-37.3-7.8c35.1-2.6 40.9 5.4 37.3 7.8z\"><\/path>\n                        <\/svg>\n                    <\/span>\n                    <span class=\"elementor-icon-list-text\">Frachtrahmenvertrag<\/span>\n                <\/a>\n            <\/li>\n            <!-- Link 5 -->\n            <li class=\"elementor-icon-list-item\" style=\"display: flex; align-items: center; padding: 8px 0;\">\n                <a href=\"http:\/\/44s.a3c.mywebsitetransfer.com\/wp-content\/uploads\/2023\/08\/Stammdatenblatt-fuer-Auftraggeber.pdf\" target=\"_blank\" style=\"display: flex; align-items: center; text-decoration: none; color: inherit;\">\n                    <span class=\"elementor-icon-list-icon\" style=\"font-size: 1em; margin-right: 10px; transition: color 0.3s;\">\n                        <svg aria-hidden=\"true\" class=\"e-font-icon-svg e-far-file-pdf\" viewBox=\"0 0 384 512\" xmlns=\"http:\/\/www.w3.org\/2000\/svg\" style=\"width: 1em; height: 1em;\">\n                            <path d=\"M369.9 97.9L286 14C277 5 264.8-.1 252.1-.1H48C21.5 0 0 21.5 0 48v416c0 26.5 21.5 48 48 48h288c26.5 0 48-21.5 48-48V131.9c0-12.7-5.1-25-14.1-34zM332.1 128H256V51.9l76.1 76.1zM48 464V48h160v104c0 13.3 10.7 24 24 24h104v288H48zm250.2-143.7c-12.2-12-47-8.7-64.4-6.5-17.2-10.5-28.7-25-36.8-46.3 3.9-16.1 10.1-40.6 5.4-56-4.2-26.2-37.8-23.6-42.6-5.9-4.4 16.1-.4 38.5 7 67.1-10 23.9-24.9 56-35.4 74.4-20 10.3-47 26.2-51 46.2-3.3 15.8 26 55.2 76.1-31.2 22.4-7.4 46.8-16.5 68.4-20.1 18.9 10.2 41 17 55.8 17 25.5 0 28-28.2 17.5-38.7zm-198.1 77.8c5.1-13.7 24.5-29.5 30.4-35-19 30.3-30.4 35.7-30.4 35zm81.6-190.6c7.4 0 6.7 32.1 1.8 40.8-4.4-13.9-4.3-40.8-1.8-40.8zm-24.4 136.6c9.7-16.9 18-37 24.7-54.7 8.3 15.1 18.9 27.2 30.1 35.5-20.8 4.3-38.9 13.1-54.8 19.2zm131.6-5s-5 6-37.3-7.8c35.1-2.6 40.9 5.4 37.3 7.8z\"><\/path>\n                        <\/svg>\n                    <\/span>\n                    <span class=\"elementor-icon-list-text\">Stammdatenblatt f\u00fcr Auftraggeber<\/span>\n                <\/a>\n            <\/li>\n            <!-- Link 6 -->\n            <li class=\"elementor-icon-list-item\" style=\"display: flex; align-items: center; padding: 8px 0;\">\n                <a href=\"http:\/\/44s.a3c.mywebsitetransfer.com\/wp-content\/uploads\/2023\/08\/Stammdatenblatt-fuer-Auftragnehmer.pdf\" target=\"_blank\" style=\"display: flex; align-items: center; text-decoration: none; color: inherit;\">\n                    <span class=\"elementor-icon-list-icon\" style=\"font-size: 1em; margin-right: 10px; transition: color 0.3s;\">\n                        <svg aria-hidden=\"true\" class=\"e-font-icon-svg e-far-file-pdf\" viewBox=\"0 0 384 512\" xmlns=\"http:\/\/www.w3.org\/2000\/svg\" style=\"width: 1em; height: 1em;\">\n                            <path d=\"M369.9 97.9L286 14C277 5 264.8-.1 252.1-.1H48C21.5 0 0 21.5 0 48v416c0 26.5 21.5 48 48 48h288c26.5 0 48-21.5 48-48V131.9c0-12.7-5.1-25-14.1-34zM332.1 128H256V51.9l76.1 76.1zM48 464V48h160v104c0 13.3 10.7 24 24 24h104v288H48zm250.2-143.7c-12.2-12-47-8.7-64.4-6.5-17.2-10.5-28.7-25-36.8-46.3 3.9-16.1 10.1-40.6 5.4-56-4.2-26.2-37.8-23.6-42.6-5.9-4.4 16.1-.4 38.5 7 67.1-10 23.9-24.9 56-35.4 74.4-20 10.3-47 26.2-51 46.2-3.3 15.8 26 55.2 76.1-31.2 22.4-7.4 46.8-16.5 68.4-20.1 18.9 10.2 41 17 55.8 17 25.5 0 28-28.2 17.5-38.7zm-198.1 77.8c5.1-13.7 24.5-29.5 30.4-35-19 30.3-30.4 35.7-30.4 35zm81.6-190.6c7.4 0 6.7 32.1 1.8 40.8-4.4-13.9-4.3-40.8-1.8-40.8zm-24.4 136.6c9.7-16.9 18-37 24.7-54.7 8.3 15.1 18.9 27.2 30.1 35.5-20.8 4.3-38.9 13.1-54.8 19.2zm131.6-5s-5 6-37.3-7.8c35.1-2.6 40.9 5.4 37.3 7.8z\"><\/path>\n                        <\/svg>\n                    <\/span>\n                    <span class=\"elementor-icon-list-text\">Stammdatenblatt f\u00fcr Auftragnehmer<\/span>\n                <\/a>\n            <\/li>\n            <!-- Link 7 -->\n            <li class=\"elementor-icon-list-item\" style=\"display: flex; align-items: center; padding: 8px 0;\">\n                <a href=\"http:\/\/44s.a3c.mywebsitetransfer.com\/wp-content\/uploads\/2023\/08\/Transportauftrag.pdf\" target=\"_blank\" style=\"display: flex; align-items: center; text-decoration: none; color: inherit;\">\n                    <span class=\"elementor-icon-list-icon\" style=\"font-size: 1em; margin-right: 10px; transition: color 0.3s;\">\n                        <svg aria-hidden=\"true\" class=\"e-font-icon-svg e-far-file-pdf\" viewBox=\"0 0 384 512\" xmlns=\"http:\/\/www.w3.org\/2000\/svg\" style=\"width: 1em; height: 1em;\">\n                            <path d=\"M369.9 97.9L286 14C277 5 264.8-.1 252.1-.1H48C21.5 0 0 21.5 0 48v416c0 26.5 21.5 48 48 48h288c26.5 0 48-21.5 48-48V131.9c0-12.7-5.1-25-14.1-34zM332.1 128H256V51.9l76.1 76.1zM48 464V48h160v104c0 13.3 10.7 24 24 24h104v288H48zm250.2-143.7c-12.2-12-47-8.7-64.4-6.5-17.2-10.5-28.7-25-36.8-46.3 3.9-16.1 10.1-40.6 5.4-56-4.2-26.2-37.8-23.6-42.6-5.9-4.4 16.1-.4 38.5 7 67.1-10 23.9-24.9 56-35.4 74.4-20 10.3-47 26.2-51 46.2-3.3 15.8 26 55.2 76.1-31.2 22.4-7.4 46.8-16.5 68.4-20.1 18.9 10.2 41 17 55.8 17 25.5 0 28-28.2 17.5-38.7zm-198.1 77.8c5.1-13.7 24.5-29.5 30.4-35-19 30.3-30.4 35.7-30.4 35zm81.6-190.6c7.4 0 6.7 32.1 1.8 40.8-4.4-13.9-4.3-40.8-1.8-40.8zm-24.4 136.6c9.7-16.9 18-37 24.7-54.7 8.3 15.1 18.9 27.2 30.1 35.5-20.8 4.3-38.9 13.1-54.8 19.2zm131.6-5s-5 6-37.3-7.8c35.1-2.6 40.9 5.4 37.3 7.8z\"><\/path>\n                        <\/svg>\n                    <\/span>\n                    <span class=\"elementor-icon-list-text\">Text f\u00fcr den Transportauftrag<\/span>\n                <\/a>\n            <\/li>\n            <!-- Link 8 -->\n            <li class=\"elementor-icon-list-item\" style=\"display: flex; align-items: center; padding: 8px 0;\">\n                <a href=\"http:\/\/44s.a3c.mywebsitetransfer.com\/wp-content\/uploads\/2023\/08\/Auftragsbest\u00e4tigung.pdf\" target=\"_blank\" style=\"display: flex; align-items: center; text-decoration: none; color: inherit;\">\n                    <span class=\"elementor-icon-list-icon\" style=\"font-size: 1em; margin-right: 10px; transition: color 0.3s;\">\n                        <svg aria-hidden=\"true\" class=\"e-font-icon-svg e-far-file-pdf\" viewBox=\"0 0 384 512\" xmlns=\"http:\/\/www.w3.org\/2000\/svg\" style=\"width: 1em; height: 1em;\">\n                            <path d=\"M369.9 97.9L286 14C277 5 264.8-.1 252.1-.1H48C21.5 0 0 21.5 0 48v416c0 26.5 21.5 48 48 48h288c26.5 0 48-21.5 48-48V131.9c0-12.7-5.1-25-14.1-34zM332.1 128H256V51.9l76.1 76.1zM48 464V48h160v104c0 13.3 10.7 24 24 24h104v288H48zm250.2-143.7c-12.2-12-47-8.7-64.4-6.5-17.2-10.5-28.7-25-36.8-46.3 3.9-16.1 10.1-40.6 5.4-56-4.2-26.2-37.8-23.6-42.6-5.9-4.4 16.1-.4 38.5 7 67.1-10 23.9-24.9 56-35.4 74.4-20 10.3-47 26.2-51 46.2-3.3 15.8 26 55.2 76.1-31.2 22.4-7.4 46.8-16.5 68.4-20.1 18.9 10.2 41 17 55.8 17 25.5 0 28-28.2 17.5-38.7zm-198.1 77.8c5.1-13.7 24.5-29.5 30.4-35-19 30.3-30.4 35.7-30.4 35zm81.6-190.6c7.4 0 6.7 32.1 1.8 40.8-4.4-13.9-4.3-40.8-1.8-40.8zm-24.4 136.6c9.7-16.9 18-37 24.7-54.7 8.3 15.1 18.9 27.2 30.1 35.5-20.8 4.3-38.9 13.1-54.8 19.2zm131.6-5s-5 6-37.3-7.8c35.1-2.6 40.9 5.4 37.3 7.8z\"><\/path>\n                        <\/svg>\n                    <\/span>\n                    <span class=\"elementor-icon-list-text\">Text f\u00fcr die Auftragsbest\u00e4tigung<\/span>\n                <\/a>\n            <\/li>\n        <\/ul>\n    <\/div>\n    <div class=\"elementor-element elementor-element-74e3c6e elementor-widget elementor-widget-text-editor\" data-id=\"74e3c6e\" data-element_type=\"widget\" data-widget_type=\"text-editor.default\">\n        <div align=\"center\">\n            <p style=\"text-align: left;\">Alle PDF Dateien k\u00f6nnen downgeladen, bearbeitet und gedruckt werden.<\/p>\n        <\/div>\n    <\/div>\n<\/div>\n\n\n<style>\n\/* Linki z ikon\u0105 PDF *\/\n.elementor-icon-list-item a {\n    display: flex;\n    align-items: center;\n    text-decoration: none; \/* Usu\u0144 podkre\u015blenie *\/\n    color: inherit; \/* Kolor dziedziczony z rodzica *\/\n}\n\n\/* Kolorowanie tekstu i ikony na czerwono po najechaniu *\/\n.elementor-icon-list-item a:hover .elementor-icon-list-text,\n.elementor-icon-list-item a:hover .elementor-icon-list-icon {\n    color: red; \/* Zmiana koloru na czerwony *\/\n}\n\n\n<\/style>\n\t\t\t\t\t\t\t\t<\/div>\n\t\t\t\t\t<\/div>\n\t\t\t\t<\/div>\n\t\t\t\t<\/div>\n\t\t","protected":false},"excerpt":{"rendered":"<p>AGB Allgemeine Gesch\u00e4ftsbedingungen der Krogger Transport und Logistik GmbH Allgemeine Gesch\u00e4ftsbedingungen als Auftragnehmer Allgemeine Gesch\u00e4ftsbedingungen zum Transportauftrag (\u201eAuftraggeber-AGB\u201c) E-Mail Signatur f\u00fcr Auftragnehmer \/ Auftraggeber Frachtrahmenvertrag Stammdatenblatt f\u00fcr Auftraggeber Stammdatenblatt f\u00fcr Auftragnehmer Text f\u00fcr den Transportauftrag Text f\u00fcr die Auftragsbest\u00e4tigung Alle PDF Dateien k\u00f6nnen downgeladen, bearbeitet und gedruckt werden.<\/p>\n","protected":false},"author":1,"featured_media":0,"parent":0,"menu_order":0,"comment_status":"closed","ping_status":"closed","template":"","meta":{"_monsterinsights_skip_tracking":false,"_monsterinsights_sitenote_active":false,"_monsterinsights_sitenote_note":"","_monsterinsights_sitenote_category":0,"footnotes":""},"class_list":["post-8584","page","type-page","status-publish","hentry"],"aioseo_notices":[],"_links":{"self":[{"href":"https:\/\/krogger-transporte.at\/index.php?rest_route=\/wp\/v2\/pages\/8584","targetHints":{"allow":["GET"]}}],"collection":[{"href":"https:\/\/krogger-transporte.at\/index.php?rest_route=\/wp\/v2\/pages"}],"about":[{"href":"https:\/\/krogger-transporte.at\/index.php?rest_route=\/wp\/v2\/types\/page"}],"author":[{"embeddable":true,"href":"https:\/\/krogger-transporte.at\/index.php?rest_route=\/wp\/v2\/users\/1"}],"replies":[{"embeddable":true,"href":"https:\/\/krogger-transporte.at\/index.php?rest_route=%2Fwp%2Fv2%2Fcomments&post=8584"}],"version-history":[{"count":37,"href":"https:\/\/krogger-transporte.at\/index.php?rest_route=\/wp\/v2\/pages\/8584\/revisions"}],"predecessor-version":[{"id":8623,"href":"https:\/\/krogger-transporte.at\/index.php?rest_route=\/wp\/v2\/pages\/8584\/revisions\/8623"}],"wp:attachment":[{"href":"https:\/\/krogger-transporte.at\/index.php?rest_route=%2Fwp%2Fv2%2Fmedia&parent=8584"}],"curies":[{"name":"wp","href":"https:\/\/api.w.org\/{rel}","templated":true}]}}